{"id":2,"date":"2024-04-26T20:56:08","date_gmt":"2024-04-26T18:56:08","guid":{"rendered":"https:\/\/jmingenieriatotal.com\/?page_id=2"},"modified":"2024-04-29T16:59:12","modified_gmt":"2024-04-29T14:59:12","slug":"inicio","status":"publish","type":"page","link":"https:\/\/jmingenieriatotal.com\/","title":{"rendered":""},"content":{"rendered":"\t\t<div data-elementor-type=\"wp-page\" data-elementor-id=\"2\" class=\"elementor elementor-2\">\n\t\t\t\t<div class=\"elementor-element elementor-element-cd4f126 e-flex e-con-boxed e-con e-parent\" data-id=\"cd4f126\" data-element_type=\"container\">\n\t\t\t\t\t<div class=\"e-con-inner\">\n\t\t\t\t<div class=\"elementor-element elementor-element-2968dbb elementor-widget elementor-widget-image\" data-id=\"2968dbb\" data-element_type=\"widget\" data-widget_type=\"image.default\">\n\t\t\t\t<div class=\"elementor-widget-container\">\n\t\t\t<style>\/*! elementor - v3.21.0 - 25-04-2024 *\/\n.elementor-widget-image{text-align:center}.elementor-widget-image a{display:inline-block}.elementor-widget-image a img[src$=\".svg\"]{width:48px}.elementor-widget-image img{vertical-align:middle;display:inline-block}<\/style>\t\t\t\t\t\t\t\t\t\t<img fetchpriority=\"high\" decoding=\"async\" width=\"452\" height=\"552\" src=\"https:\/\/jmingenieriatotal.com\/wp-content\/uploads\/2024\/04\/3d_Pequena_Gente_-_Discusion_Del_Plan_Stock_de_ilustracion_-_Ilustracion_de_casa__edificio__127677553-removebg-preview-2.png\" class=\"attachment-large size-large wp-image-38\" alt=\"\" srcset=\"https:\/\/jmingenieriatotal.com\/wp-content\/uploads\/2024\/04\/3d_Pequena_Gente_-_Discusion_Del_Plan_Stock_de_ilustracion_-_Ilustracion_de_casa__edificio__127677553-removebg-preview-2.png 452w, https:\/\/jmingenieriatotal.com\/wp-content\/uploads\/2024\/04\/3d_Pequena_Gente_-_Discusion_Del_Plan_Stock_de_ilustracion_-_Ilustracion_de_casa__edificio__127677553-removebg-preview-2-246x300.png 246w\" sizes=\"(max-width: 452px) 100vw, 452px\" \/>\t\t\t\t\t\t\t\t\t\t\t\t\t<\/div>\n\t\t\t\t<\/div>\n\t\t\t\t\t<\/div>\n\t\t\t\t<\/div>\n\t\t<div class=\"elementor-element elementor-element-cceff61 e-flex e-con-boxed e-con e-parent\" data-id=\"cceff61\" data-element_type=\"container\">\n\t\t\t\t\t<div class=\"e-con-inner\">\n\t\t\t\t<div class=\"elementor-element elementor-element-766d142 elementor-widget elementor-widget-heading\" data-id=\"766d142\" data-element_type=\"widget\" data-widget_type=\"heading.default\">\n\t\t\t\t<div class=\"elementor-widget-container\">\n\t\t\t<style>\/*! elementor - v3.21.0 - 25-04-2024 *\/\n.elementor-heading-title{padding:0;margin:0;line-height:1}.elementor-widget-heading .elementor-heading-title[class*=elementor-size-]>a{color:inherit;font-size:inherit;line-height:inherit}.elementor-widget-heading .elementor-heading-title.elementor-size-small{font-size:15px}.elementor-widget-heading .elementor-heading-title.elementor-size-medium{font-size:19px}.elementor-widget-heading .elementor-heading-title.elementor-size-large{font-size:29px}.elementor-widget-heading .elementor-heading-title.elementor-size-xl{font-size:39px}.elementor-widget-heading .elementor-heading-title.elementor-size-xxl{font-size:59px}<\/style><h2 class=\"elementor-heading-title elementor-size-default\">ESTAMOS ACTUALIZ\u00c1NDONOS, PRONTO TE TRAEREMOS MUY BUENAS NOTICIAS.<\/h2>\t\t<\/div>\n\t\t\t\t<\/div>\n\t\t\t\t\t<\/div>\n\t\t\t\t<\/div>\n\t\t<div class=\"elementor-element elementor-element-680d3c7 e-flex e-con-boxed e-con e-parent\" data-id=\"680d3c7\" data-element_type=\"container\">\n\t\t\t\t\t<div class=\"e-con-inner\">\n\t\t\t\t<div class=\"elementor-element elementor-element-f23b323 elementor-widget elementor-widget-heading\" data-id=\"f23b323\" data-element_type=\"widget\" data-widget_type=\"heading.default\">\n\t\t\t\t<div class=\"elementor-widget-container\">\n\t\t\t<h2 class=\"elementor-heading-title elementor-size-default\"><a href=\"https:\/\/wa.me\/573045641392\" target=\"_blank\">Haz clic aqu\u00ed o cont\u00e1ctanos al celular: 3045641392<\/a><\/h2>\t\t<\/div>\n\t\t\t\t<\/div>\n\t\t\t\t\t<\/div>\n\t\t\t\t<\/div>\n\t\t\t\t<\/div>\n\t\t","protected":false},"excerpt":{"rendered":"<p>ESTAMOS ACTUALIZ\u00c1NDONOS, PRONTO TE TRAEREMOS MUY BUENAS NOTICIAS. Haz clic aqu\u00ed o cont\u00e1ctanos al celular: 3045641392<\/p>\n","protected":false},"author":1,"featured_media":0,"parent":0,"menu_order":0,"comment_status":"closed","ping_status":"closed","template":"","meta":{"footnotes":""},"class_list":["post-2","page","type-page","status-publish","hentry"],"_links":{"self":[{"href":"https:\/\/jmingenieriatotal.com\/index.php\/wp-json\/wp\/v2\/pages\/2","targetHints":{"allow":["GET"]}}],"collection":[{"href":"https:\/\/jmingenieriatotal.com\/index.php\/wp-json\/wp\/v2\/pages"}],"about":[{"href":"https:\/\/jmingenieriatotal.com\/index.php\/wp-json\/wp\/v2\/types\/page"}],"author":[{"embeddable":true,"href":"https:\/\/jmingenieriatotal.com\/index.php\/wp-json\/wp\/v2\/users\/1"}],"replies":[{"embeddable":true,"href":"https:\/\/jmingenieriatotal.com\/index.php\/wp-json\/wp\/v2\/comments?post=2"}],"version-history":[{"count":42,"href":"https:\/\/jmingenieriatotal.com\/index.php\/wp-json\/wp\/v2\/pages\/2\/revisions"}],"predecessor-version":[{"id":101,"href":"https:\/\/jmingenieriatotal.com\/index.php\/wp-json\/wp\/v2\/pages\/2\/revisions\/101"}],"wp:attachment":[{"href":"https:\/\/jmingenieriatotal.com\/index.php\/wp-json\/wp\/v2\/media?parent=2"}],"curies":[{"name":"wp","href":"https:\/\/api.w.org\/{rel}","templated":true}]}}